{"id":205496,"date":"2019-11-07T19:17:06","date_gmt":"2019-11-07T19:17:06","guid":{"rendered":"https:\/\/web360.nl\/?page_id=205496"},"modified":"2021-03-31T16:24:39","modified_gmt":"2021-03-31T16:24:39","slug":"over-web360","status":"publish","type":"page","link":"https:\/\/web360.nl\/de\/uber-web360\/","title":{"rendered":"\u00dcber Web360"},"content":{"rendered":"<p>[et_pb_section fb_built=&#8221;1&#8243; next_background_color=&#8221;#ffffff&#8221; admin_label=&#8221;Hero Section&#8221; _builder_version=&#8221;4.9.2&#8243; use_background_color_gradient=&#8221;on&#8221; background_color_gradient_start=&#8221;rgba(0,0,0,0.4)&#8221; background_color_gradient_end=&#8221;rgba(0,0,0,0.4)&#8221; background_color_gradient_overlays_image=&#8221;on&#8221; background_image=&#8221;https:\/\/web360.nl\/wp-content\/uploads\/2021\/03\/web360-over-ons-specialist-rotterdam-wordpress-shopify-1.jpg&#8221; background_position=&#8221;center_right&#8221; custom_padding=&#8221;6%||6%|&#8221; bottom_divider_style=&#8221;slant&#8221; bottom_divider_height=&#8221;60px&#8221; hover_enabled=&#8221;0&#8243; background_color_gradient_direction__hover=&#8221;180deg&#8221; background_color_gradient_direction__hover_enabled=&#8221;180deg&#8221; background_color_gradient_start_position__hover=&#8221;0%&#8221; background_color_gradient_start_position__hover_enabled=&#8221;0%&#8221; background_color_gradient_end_position__hover=&#8221;100%&#8221; background_color_gradient_end_position__hover_enabled=&#8221;100%&#8221; locked=&#8221;off&#8221; title_text=&#8221;web360-over-ons-specialist-rotterdam-wordpress-shopify&#8221; alt=&#8221;Website laten maken? 12 Redenen om voor WordPress te kiezen.&#8221; sticky_enabled=&#8221;0&#8243;][et_pb_row admin_label=&#8221;Page Title Area&#8221; _builder_version=&#8221;3.25&#8243;][et_pb_column type=&#8221;4_4&#8243; _builder_version=&#8221;3.25&#8243; custom_padding=&#8221;|||&#8221; custom_padding__hover=&#8221;|||&#8221;][et_pb_text admin_label=&#8221;Hero Section Title&#8221; _builder_version=&#8221;4.9.2&#8243; text_font=&#8221;Montserrat||||||||&#8221; text_font_size=&#8221;18px&#8221; text_line_height=&#8221;1.8em&#8221; header_font=&#8221;Montserrat|600||on|||||&#8221; header_font_size=&#8221;30pt&#8221; header_letter_spacing=&#8221;3px&#8221; header_line_height=&#8221;1.3em&#8221; header_2_font=&#8221;Montserrat|700|||||||&#8221; header_2_text_color=&#8221;rgba(255,255,255,0.6)&#8221; header_2_font_size=&#8221;90px&#8221; header_2_letter_spacing=&#8221;3px&#8221; header_2_line_height=&#8221;1.1em&#8221; text_orientation=&#8221;center&#8221; background_layout=&#8221;dark&#8221; max_width=&#8221;700px&#8221; module_alignment=&#8221;center&#8221; custom_margin=&#8221;|||&#8221; animation_style=&#8221;fade&#8221; animation_direction=&#8221;bottom&#8221; hover_enabled=&#8221;0&#8243; header_font_size_tablet=&#8221;&#8221; header_font_size_phone=&#8221;28px&#8221; header_font_size_last_edited=&#8221;on|phone&#8221; header_2_font_size_tablet=&#8221;&#8221; header_2_font_size_phone=&#8221;50px&#8221; header_2_font_size_last_edited=&#8221;on|phone&#8221; sticky_enabled=&#8221;0&#8243;]<\/p>\n<h1>Website-Spezialist in Rotterdam f\u00fcr WordPress, WooCommerce &amp; Shopify<\/h1>\n<p>[\/et_pb_text][\/et_pb_column][\/et_pb_row][\/et_pb_section][et_pb_section fb_built=&#8221;1&#8243; _builder_version=&#8221;4.0.5&#8243;][et_pb_row _builder_version=&#8221;3.25&#8243; background_size=&#8221;initial&#8221; background_position=&#8221;top_left&#8221; background_repeat=&#8221;repeat&#8221;][et_pb_column type=&#8221;4_4&#8243; _builder_version=&#8221;3.25&#8243; custom_padding=&#8221;|||&#8221; custom_padding__hover=&#8221;|||&#8221;][et_pb_text _builder_version=&#8221;4.9.2&#8243; background_size=&#8221;initial&#8221; background_position=&#8221;top_left&#8221; background_repeat=&#8221;repeat&#8221; hover_enabled=&#8221;0&#8243; text_font=&#8221;Montserrat||||||||&#8221; text_font_size=&#8221;14pt&#8221; sticky_enabled=&#8221;0&#8243;]<\/p>\n<p><span>Wir sind WEB360 - der Ansprechpartner f\u00fcr Ihre Website, Ihren Online-Shop und Ihr Marketing!<\/span><\/p>\n<p><span>WEB360 hat <em><strong>\u00fcber 15 Jahre Erfahrung<\/strong><\/em> bei der Realisierung von Websites, erfolgreichen Webshops und sehr gut besuchten Blogs.\u00a0<\/span><\/p>\n<p><span>Haben sie eine Idee? Ein Traum? Wir denken \u00fcber M\u00f6glichkeiten nach und setzen Ihre Online-Mission gemeinsam mit Ihnen in L\u00f6sungen f\u00fcr Websites und Webshops um, die Ergebnisse erzielen.\u00a0<\/span><\/p>\n<p><span>Wir glauben, dass die Zusammenarbeit mit unseren Kunden eine Erfolgsformel ist. Wir nehmen gerne zusammen mit unseren Kunden am Wettbewerb teil. Wir beraten durch die Kombination von Kundeneingaben, generierten Daten und unserem eigenen Fachwissen.\u00a0<\/span><\/p>\n<p><span>Wir k\u00f6nnen f\u00fcr jedes Unternehmen arbeiten, unabh\u00e4ngig von der Projektgr\u00f6\u00dfe.\u00a0<\/span><span><\/span><\/p>\n<p><span>Unser Ziel ist es, die Auffindbarkeit von Unternehmen im Internet zu verbessern und das Erscheinungsbild der Website zu verbessern.\u00a0<\/span><\/p>\n<p><span>Sie m\u00f6chten auch einen frischen, kreativen Ausblick <em><strong>direkte Ann\u00e4herung<\/strong><\/em> Ihrer erfolgreichen Webprojekte?\u00a0<\/span><\/p>\n<p>Wir finden es gro\u00dfartig, mit Ihnen als unabh\u00e4ngiger Startup oder Unternehmer zusammenzuarbeiten <strong><em>Ihr Online-Erfolg<\/em><\/strong>!<span><\/span><\/p>\n<p><span>Sie k\u00f6nnen uns kontaktieren f\u00fcr:<\/span><\/p>\n<ul>\n<li><span>Website-Realisierung in WordPress<\/span><\/li>\n<li>Webshop-Realisierung und Wachstum in Shopify<\/li>\n<li><span>Online-Werbung\u00a0<\/span>\n<ul style=\"padding-bottom: 2px;\">\n<li><span>Suchmaschinenoptimierung SEO<\/span><\/li>\n<li><span>Inhaltsvermarktung<\/span><\/li>\n<li><span>Sozialen Medien<\/span><\/li>\n<li><span>E-Mail-Marketing &amp; Automatisierung<\/span><\/li>\n<li><span>Werbung &amp; Retargeting (zB \u00fcber Google Ads, Shopping, Display Network, Facebook &amp; Instagram)<\/span><\/li>\n<li><span>Futtermittelmarketing &amp; Marktpl\u00e4tze<\/span><span><\/span><\/li>\n<li><span>Affiliate-Marketing<\/span><\/li>\n<\/ul>\n<\/li>\n<li><span>Wartung und Support, vom Hosting bis zur Domainregistrierung<\/span><\/li>\n<li><span>Projektmanagement, Anpassung und Beratung<\/span><\/li>\n<\/ul>\n<p><span>Neugierig? Nehmen <a href=\"https:\/\/web360.nl\/de\/contact\/\">Kontakt<\/a> auf, mailen Sie uns <\/span><a href=\"mailto:info@web360.nl\"><span><u>info@web360.nl<\/u><\/span><\/a> oder rufen Sie uns an <a href=\"tel:003185470717\"><u>+31 (0)85 047 07 17<\/u><\/a><span>. Bis bald! \u270c\ud83c\udffc<\/span><\/p>\n<p>[\/et_pb_text][et_pb_text _builder_version=&#8221;4.9.2&#8243; background_size=&#8221;initial&#8221; background_position=&#8221;top_left&#8221; background_repeat=&#8221;repeat&#8221; hover_enabled=&#8221;0&#8243; text_font=&#8221;||||||||&#8221; text_font_size=&#8221;14pt&#8221; sticky_enabled=&#8221;0&#8243; disabled_on=&#8221;on|on|on&#8221; disabled=&#8221;on&#8221;]<\/p>\n<h1><span>Website-Spezialist in Rotterdam f\u00fcr WordPress, WooCommerce &amp; Shopify<\/span><\/h1>\n<p><span><\/span><\/p>\n<p><span>Wij zijn Web360.nl \u2013 h\u00e9t aanspreekpunt voor jouw website, online shop &amp; marketing!<\/span><\/p>\n<p><span>Web360 hat <em><strong>\u00fcber 15 Jahre Erfahrung<\/strong><\/em> bei der Realisierung von Online-Projekten, von erfolgreichen Webshops bis zu sehr gut besuchten Blogs. Haben sie eine Idee? Ein Traum? Wir denken in M\u00f6glichkeiten und stellen gemeinsam mit Ihnen sicher, dass wir Ihre Ziele online verfolgen, verwirklichen, verbessern und zu einem Erfolg ausbauen. <\/span><\/p>\n<p><span>Sie m\u00f6chten auch einen frischen, kreativen Ausblick <em><strong>direkte Ann\u00e4herung<\/strong><\/em> Ihrer erfolgreichen Webprojekte?\u00a0<\/span><\/p>\n<p>Wir finden es gro\u00dfartig, mit Ihnen als unabh\u00e4ngiger Startup oder Unternehmer zusammenzuarbeiten <strong><em>dein Erfolg<\/em><\/strong>!<span><\/span><\/p>\n<p><span>Sie k\u00f6nnen uns kontaktieren f\u00fcr:<\/span><\/p>\n<ul>\n<li><span>Website-Realisierung in WordPress<\/span><\/li>\n<li>Webshop-Realisierung und Wachstum in Shopify<\/li>\n<li><span>Online-Werbung\u00a0<\/span>\n<ul>\n<li><span>Suchmaschinenoptimierung SEO<\/span><\/li>\n<li><span>Inhaltsvermarktung<\/span><\/li>\n<li><span>Sozialen Medien<\/span><\/li>\n<li><span>E-Mail-Marketing &amp; Automatisierung<\/span><\/li>\n<li><span>Werbung &amp; Retargeting (zB \u00fcber Google Ads, Shopping, Display Network, Facebook &amp; Instagram)<\/span><\/li>\n<li><span>Futtermittelmarketing &amp; Marktpl\u00e4tze<\/span><span><\/span><\/li>\n<li><span>Affiliate-Marketing<\/span><\/li>\n<\/ul>\n<\/li>\n<li><span>Wartung und Support, vom Hosting bis zur Domainregistrierung<\/span><\/li>\n<li><span>Projektmanagement, Anpassung und Beratung<\/span><\/li>\n<\/ul>\n<ul><\/ul>\n<p><span>Nieuwsgierig? Neem contact op via <\/span><a href=\"mailto:info@web360.nl\"><span><u>info@web360.nl<\/u><\/span><\/a> oder rufen Sie uns an <a href=\"tel:003185470717\"><u>+31 (0)85 047 07 17<\/u><\/a><span>. Bis bald! \u270c\ud83c\udffc<\/span><\/p>\n<p>[\/et_pb_text][\/et_pb_column][\/et_pb_row][\/et_pb_section][et_pb_section fb_built=&#8221;1&#8243; custom_padding_last_edited=&#8221;on|desktop&#8221; next_background_color=&#8221;#ffffff&#8221; admin_label=&#8221;Header&#8221; _builder_version=&#8221;4.4.7&#8243; background_color_gradient_direction=&#8221;130deg&#8221; background_image=&#8221;https:\/\/web360.nl\/wp-content\/uploads\/2020\/03\/web360-blog-cover-footer-knallen-online-neem-contact-op.io_.jpeg&#8221; parallax=&#8221;on&#8221; custom_padding=&#8221;0vw||11vw||false|false&#8221; custom_padding_tablet=&#8221;100px||100px||true&#8221; custom_padding_phone=&#8221;||||true&#8221; bottom_divider_style=&#8221;ramp2&#8243; bottom_divider_height=&#8221;250px&#8221; bottom_divider_flip=&#8221;horizontal&#8221; bottom_divider_height_tablet=&#8221;150px&#8221; bottom_divider_height_phone=&#8221;110px&#8221; bottom_divider_height_last_edited=&#8221;on|phone&#8221; saved_tabs=&#8221;all&#8221; locked=&#8221;off&#8221;][et_pb_row module_class=&#8221; et_pb_row_fullwidth&#8221; _builder_version=&#8221;3.25&#8243; width=&#8221;89%&#8221; width_tablet=&#8221;80%&#8221; width_phone=&#8221;&#8221; width_last_edited=&#8221;on|desktop&#8221; max_width=&#8221;89%&#8221; max_width_tablet=&#8221;80%&#8221; max_width_phone=&#8221;&#8221; max_width_last_edited=&#8221;on|desktop&#8221; custom_margin_phone=&#8221;|||&#8221; custom_margin_last_edited=&#8221;off|desktop&#8221; custom_padding=&#8221;|||&#8221; make_fullwidth=&#8221;on&#8221;][et_pb_column type=&#8221;4_4&#8243; _builder_version=&#8221;3.25&#8243; custom_padding=&#8221;|||&#8221; custom_padding__hover=&#8221;|||&#8221;][et_pb_text _builder_version=&#8221;3.27.4&#8243; text_font=&#8221;||||||||&#8221; header_font=&#8221;||||||||&#8221; header_2_font=&#8221;Roboto|700|||||||&#8221; header_2_font_size=&#8221;50px&#8221; header_2_line_height=&#8221;1.4em&#8221; header_3_font=&#8221;Roboto|700||on|||||&#8221; header_3_text_align=&#8221;center&#8221; header_3_text_color=&#8221;#ffffff&#8221; header_3_font_size=&#8221;24px&#8221; header_3_letter_spacing=&#8221;5px&#8221; header_3_line_height=&#8221;2em&#8221; text_orientation=&#8221;center&#8221; background_layout=&#8221;dark&#8221; max_width=&#8221;850px&#8221; module_alignment=&#8221;center&#8221; custom_margin=&#8221;|||&#8221; custom_padding=&#8221;|||&#8221; text_font_size_last_edited=&#8221;off|desktop&#8221; header_2_font_size_tablet=&#8221;40px&#8221; header_2_font_size_phone=&#8221;32px&#8221; header_2_font_size_last_edited=&#8221;on|desktop&#8221; header_3_font_size_tablet=&#8221;16px&#8221; header_3_font_size_phone=&#8221;14px&#8221; header_3_font_size_last_edited=&#8221;on|phone&#8221;]<\/p>\n<h3>Lass uns anfangen<\/h3>\n<h2>Bist du bereit, wirklich online zu rocken?<\/h2>\n<h2>Fangen wir zusammen an!<\/h2>\n<p>[\/et_pb_text][et_pb_button button_url=&#8221;https:\/\/web360.nl\/contact\/&#8221; button_text=&#8221;Neem contact op&#8221; button_alignment=&#8221;center&#8221; _builder_version=&#8221;4.4.2&#8243; custom_button=&#8221;on&#8221; button_text_size=&#8221;14px&#8221; button_text_color=&#8221;#ffffff&#8221; button_bg_color=&#8221;#2fb988&#8243; button_bg_color_gradient_start=&#8221;#9ed8ff&#8221; button_bg_color_gradient_end=&#8221;#aaffdb&#8221; button_bg_color_gradient_direction=&#8221;90deg&#8221; button_border_width=&#8221;0px&#8221; button_border_color=&#8221;rgba(0,0,0,0)&#8221; button_border_radius=&#8221;4px&#8221; button_letter_spacing=&#8221;5px&#8221; button_font=&#8221;Roboto|700||on|||||&#8221; background_layout=&#8221;dark&#8221; custom_margin=&#8221;|||&#8221; custom_padding=&#8221;18px|34px|18px|34px|true|true&#8221; box_shadow_style=&#8221;preset3&#8243; box_shadow_vertical=&#8221;20px&#8221; box_shadow_blur=&#8221;30px&#8221; box_shadow_spread=&#8221;-10px&#8221; box_shadow_color=&#8221;rgba(50,11,142,0.4)&#8221; button_letter_spacing_hover=&#8221;5.5px&#8221; button_text_size__hover_enabled=&#8221;off&#8221; button_one_text_size__hover_enabled=&#8221;off&#8221; button_two_text_size__hover_enabled=&#8221;off&#8221; button_text_color__hover_enabled=&#8221;off&#8221; button_one_text_color__hover_enabled=&#8221;off&#8221; button_two_text_color__hover_enabled=&#8221;off&#8221; button_border_width__hover_enabled=&#8221;off&#8221; button_one_border_width__hover_enabled=&#8221;off&#8221; button_two_border_width__hover_enabled=&#8221;off&#8221; button_border_color__hover_enabled=&#8221;off&#8221; button_one_border_color__hover_enabled=&#8221;off&#8221; button_two_border_color__hover_enabled=&#8221;off&#8221; button_border_radius__hover_enabled=&#8221;off&#8221; button_one_border_radius__hover_enabled=&#8221;off&#8221; button_two_border_radius__hover_enabled=&#8221;off&#8221; button_letter_spacing__hover_enabled=&#8221;on&#8221; button_letter_spacing__hover=&#8221;5.5px&#8221; button_one_letter_spacing__hover_enabled=&#8221;off&#8221; button_two_letter_spacing__hover_enabled=&#8221;off&#8221; button_bg_color__hover_enabled=&#8221;off&#8221; button_one_bg_color__hover_enabled=&#8221;off&#8221; button_two_bg_color__hover_enabled=&#8221;off&#8221;][\/et_pb_button][\/et_pb_column][\/et_pb_row][\/et_pb_section]<\/p>","protected":false},"excerpt":{"rendered":"<p>Website specialist in Rotterdam voor Wordpress, WooCommerce &amp; ShopifyWij zijn WEB360 \u2013 h\u00e9t aanspreekpunt voor jouw website, online shop &amp; marketing! WEB360 heeft ruim 15 jaar ervaring in de realisatie van websites, succesvolle webshops en zeer goed bezochte blogs.\u00a0 Heb jij een idee? Een droom? Wij denken in mogelijkheden en samen met jou vertalen wij [&hellip;]<\/p>","protected":false},"author":1,"featured_media":0,"parent":0,"menu_order":0,"comment_status":"closed","ping_status":"closed","template":"","meta":{"_et_pb_use_builder":"on","_et_pb_old_content":"","_et_gb_content_width":""},"_links":{"self":[{"href":"https:\/\/web360.nl\/de\/wp-json\/wp\/v2\/pages\/205496"}],"collection":[{"href":"https:\/\/web360.nl\/de\/wp-json\/wp\/v2\/pages"}],"about":[{"href":"https:\/\/web360.nl\/de\/wp-json\/wp\/v2\/types\/page"}],"author":[{"embeddable":true,"href":"https:\/\/web360.nl\/de\/wp-json\/wp\/v2\/users\/1"}],"replies":[{"embeddable":true,"href":"https:\/\/web360.nl\/de\/wp-json\/wp\/v2\/comments?post=205496"}],"version-history":[{"count":14,"href":"https:\/\/web360.nl\/de\/wp-json\/wp\/v2\/pages\/205496\/revisions"}],"predecessor-version":[{"id":206248,"href":"https:\/\/web360.nl\/de\/wp-json\/wp\/v2\/pages\/205496\/revisions\/206248"}],"wp:attachment":[{"href":"https:\/\/web360.nl\/de\/wp-json\/wp\/v2\/media?parent=205496"}],"curies":[{"name":"wp","href":"https:\/\/api.w.org\/{rel}","templated":true}]}}