{"id":205496,"date":"2019-11-07T19:17:06","date_gmt":"2019-11-07T19:17:06","guid":{"rendered":"https:\/\/web360.nl\/?page_id=205496"},"modified":"2021-03-31T16:24:39","modified_gmt":"2021-03-31T16:24:39","slug":"over-web360","status":"publish","type":"page","link":"https:\/\/web360.nl\/fr\/a-propos-de-web360\/","title":{"rendered":"\u00c0 propos de Web360"},"content":{"rendered":"<p>[et_pb_section fb_built=&#8221;1&#8243; next_background_color=&#8221;#ffffff&#8221; admin_label=&#8221;Hero Section&#8221; _builder_version=&#8221;4.9.2&#8243; use_background_color_gradient=&#8221;on&#8221; background_color_gradient_start=&#8221;rgba(0,0,0,0.4)&#8221; background_color_gradient_end=&#8221;rgba(0,0,0,0.4)&#8221; background_color_gradient_overlays_image=&#8221;on&#8221; background_image=&#8221;https:\/\/web360.nl\/wp-content\/uploads\/2021\/03\/web360-over-ons-specialist-rotterdam-wordpress-shopify-1.jpg&#8221; background_position=&#8221;center_right&#8221; custom_padding=&#8221;6%||6%|&#8221; bottom_divider_style=&#8221;slant&#8221; bottom_divider_height=&#8221;60px&#8221; hover_enabled=&#8221;0&#8243; background_color_gradient_direction__hover=&#8221;180deg&#8221; background_color_gradient_direction__hover_enabled=&#8221;180deg&#8221; background_color_gradient_start_position__hover=&#8221;0%&#8221; background_color_gradient_start_position__hover_enabled=&#8221;0%&#8221; background_color_gradient_end_position__hover=&#8221;100%&#8221; background_color_gradient_end_position__hover_enabled=&#8221;100%&#8221; locked=&#8221;off&#8221; title_text=&#8221;web360-over-ons-specialist-rotterdam-wordpress-shopify&#8221; alt=&#8221;Website laten maken? 12 Redenen om voor WordPress te kiezen.&#8221; sticky_enabled=&#8221;0&#8243;][et_pb_row admin_label=&#8221;Page Title Area&#8221; _builder_version=&#8221;3.25&#8243;][et_pb_column type=&#8221;4_4&#8243; _builder_version=&#8221;3.25&#8243; custom_padding=&#8221;|||&#8221; custom_padding__hover=&#8221;|||&#8221;][et_pb_text admin_label=&#8221;Hero Section Title&#8221; _builder_version=&#8221;4.9.2&#8243; text_font=&#8221;Montserrat||||||||&#8221; text_font_size=&#8221;18px&#8221; text_line_height=&#8221;1.8em&#8221; header_font=&#8221;Montserrat|600||on|||||&#8221; header_font_size=&#8221;30pt&#8221; header_letter_spacing=&#8221;3px&#8221; header_line_height=&#8221;1.3em&#8221; header_2_font=&#8221;Montserrat|700|||||||&#8221; header_2_text_color=&#8221;rgba(255,255,255,0.6)&#8221; header_2_font_size=&#8221;90px&#8221; header_2_letter_spacing=&#8221;3px&#8221; header_2_line_height=&#8221;1.1em&#8221; text_orientation=&#8221;center&#8221; background_layout=&#8221;dark&#8221; max_width=&#8221;700px&#8221; module_alignment=&#8221;center&#8221; custom_margin=&#8221;|||&#8221; animation_style=&#8221;fade&#8221; animation_direction=&#8221;bottom&#8221; hover_enabled=&#8221;0&#8243; header_font_size_tablet=&#8221;&#8221; header_font_size_phone=&#8221;28px&#8221; header_font_size_last_edited=&#8221;on|phone&#8221; header_2_font_size_tablet=&#8221;&#8221; header_2_font_size_phone=&#8221;50px&#8221; header_2_font_size_last_edited=&#8221;on|phone&#8221; sticky_enabled=&#8221;0&#8243;]<\/p>\n<h1>Sp\u00e9cialiste du site Web \u00e0 Rotterdam pour WordPress, WooCommerce et Shopify<\/h1>\n<p>[\/et_pb_text][\/et_pb_column][\/et_pb_row][\/et_pb_section][et_pb_section fb_built=&#8221;1&#8243; _builder_version=&#8221;4.0.5&#8243;][et_pb_row _builder_version=&#8221;3.25&#8243; background_size=&#8221;initial&#8221; background_position=&#8221;top_left&#8221; background_repeat=&#8221;repeat&#8221;][et_pb_column type=&#8221;4_4&#8243; _builder_version=&#8221;3.25&#8243; custom_padding=&#8221;|||&#8221; custom_padding__hover=&#8221;|||&#8221;][et_pb_text _builder_version=&#8221;4.9.2&#8243; background_size=&#8221;initial&#8221; background_position=&#8221;top_left&#8221; background_repeat=&#8221;repeat&#8221; hover_enabled=&#8221;0&#8243; text_font=&#8221;Montserrat||||||||&#8221; text_font_size=&#8221;14pt&#8221; sticky_enabled=&#8221;0&#8243;]<\/p>\n<p><span>Nous sommes WEB360 - le point de contact pour votre site Web, votre boutique en ligne et votre marketing!<\/span><\/p>\n<p><span>WEB360 a <em><strong>plus de 15 ans d&#039;exp\u00e9rience<\/strong><\/em> dans la r\u00e9alisation de sites Web, de boutiques en ligne \u00e0 succ\u00e8s et de blogs tr\u00e8s visit\u00e9s.\u00a0<\/span><\/p>\n<p><span>Avez-vous une id\u00e9e? Un r\u00eave? Nous pensons en termes de possibilit\u00e9s et avec vous, nous traduisons votre mission en ligne en solutions pour sites Web et boutiques en ligne qui donnent des r\u00e9sultats.\u00a0<\/span><\/p>\n<p><span>Nous croyons que la coop\u00e9ration avec nos clients est une formule de succ\u00e8s. Nous aimons participer au concours avec notre client. Nous fournissons des conseils en combinant les commentaires des clients, les donn\u00e9es g\u00e9n\u00e9r\u00e9es et notre propre expertise.\u00a0<\/span><\/p>\n<p><span>Nous avons la capacit\u00e9 de travailler pour n&#039;importe quelle entreprise, quelle que soit la taille du projet.\u00a0<\/span><span><\/span><\/p>\n<p><span>Notre objectif est d&#039;am\u00e9liorer la visibilit\u00e9 des entreprises sur Internet et d&#039;am\u00e9liorer l&#039;apparence et la convivialit\u00e9 du site Web.\u00a0<\/span><\/p>\n<p><span>Vous voulez \u00e9galement une perspective fra\u00eeche et cr\u00e9ative <em><strong>approche directe<\/strong><\/em> de vos projets web r\u00e9ussis?\u00a0<\/span><\/p>\n<p>Nous pensons que c&#039;est formidable de travailler avec vous en tant qu&#039;ind\u00e9pendant, startup ou entrepreneur sur <strong><em>votre succ\u00e8s en ligne<\/em><\/strong>!<span><\/span><\/p>\n<p><span>Vous pouvez nous contacter pour:<\/span><\/p>\n<ul>\n<li><span>R\u00e9alisation de site Web sous WordPress<\/span><\/li>\n<li>R\u00e9alisation de boutique en ligne et croissance dans Shopify<\/li>\n<li><span>Promotion en ligne\u00a0<\/span>\n<ul style=\"padding-bottom: 2px;\">\n<li><span>Optimisation des moteurs de recherche SEO<\/span><\/li>\n<li><span>Marketing de contenu<\/span><\/li>\n<li><span>Des m\u00e9dias sociaux<\/span><\/li>\n<li><span>Email marketing et automatisation<\/span><\/li>\n<li><span>Publicit\u00e9 et reciblage (par exemple via Google Ads, Shopping, R\u00e9seau Display, Facebook et Instagram)<\/span><\/li>\n<li><span>Marketing d&#039;alimentation et march\u00e9s<\/span><span><\/span><\/li>\n<li><span>Le marketing d&#039;affiliation<\/span><\/li>\n<\/ul>\n<\/li>\n<li><span>Maintenance et support, de l&#039;h\u00e9bergement \u00e0 l&#039;enregistrement de domaine<\/span><\/li>\n<li><span>Gestion de projet, personnalisation et conseil<\/span><\/li>\n<\/ul>\n<p><span>Curieuse? Prendre <a href=\"https:\/\/web360.nl\/fr\/contacter\/\">Contacter<\/a> sur, \u00e9crivez-nous <\/span><a href=\"mailto:info@web360.nl\"><span><u>info@web360.nl<\/u><\/span><\/a> Ou appelez-nous <a href=\"tel:003185470717\"><u>+31 (0)85 047 07 17<\/u><\/a><span>. \u00c0 bient\u00f4t! \u270c\ud83c\udffc<\/span><\/p>\n<p>[\/et_pb_text][et_pb_text _builder_version=&#8221;4.9.2&#8243; background_size=&#8221;initial&#8221; background_position=&#8221;top_left&#8221; background_repeat=&#8221;repeat&#8221; hover_enabled=&#8221;0&#8243; text_font=&#8221;||||||||&#8221; text_font_size=&#8221;14pt&#8221; sticky_enabled=&#8221;0&#8243; disabled_on=&#8221;on|on|on&#8221; disabled=&#8221;on&#8221;]<\/p>\n<h1><span>Sp\u00e9cialiste du site Web \u00e0 Rotterdam pour WordPress, WooCommerce et Shopify<\/span><\/h1>\n<p><span><\/span><\/p>\n<p><span>Wij zijn Web360.nl \u2013 h\u00e9t aanspreekpunt voor jouw website, online shop &amp; marketing!<\/span><\/p>\n<p><span>Web360 a <em><strong>plus de 15 ans d&#039;exp\u00e9rience<\/strong><\/em> dans la r\u00e9alisation de projets en ligne, des boutiques en ligne \u00e0 succ\u00e8s aux blogs tr\u00e8s fr\u00e9quent\u00e9s. Avez-vous une id\u00e9e? Un r\u00eave? Nous pensons en termes de possibilit\u00e9s et avec vous, nous nous assurons que nous poursuivons, r\u00e9alisons, am\u00e9liorons et d\u00e9veloppons vos objectifs en ligne en un succ\u00e8s. <\/span><\/p>\n<p><span>Vous voulez \u00e9galement une perspective fra\u00eeche et cr\u00e9ative <em><strong>approche directe<\/strong><\/em> de vos projets web r\u00e9ussis?\u00a0<\/span><\/p>\n<p>Nous pensons que c&#039;est formidable de travailler avec vous en tant qu&#039;ind\u00e9pendant, startup ou entrepreneur sur <strong><em>ton succ\u00e8s<\/em><\/strong>!<span><\/span><\/p>\n<p><span>Vous pouvez nous contacter pour:<\/span><\/p>\n<ul>\n<li><span>R\u00e9alisation de site Web sous WordPress<\/span><\/li>\n<li>R\u00e9alisation de boutique en ligne et croissance dans Shopify<\/li>\n<li><span>Promotion en ligne\u00a0<\/span>\n<ul>\n<li><span>Optimisation des moteurs de recherche SEO<\/span><\/li>\n<li><span>Marketing de contenu<\/span><\/li>\n<li><span>Des m\u00e9dias sociaux<\/span><\/li>\n<li><span>Email marketing et automatisation<\/span><\/li>\n<li><span>Publicit\u00e9 et reciblage (par exemple via Google Ads, Shopping, R\u00e9seau Display, Facebook et Instagram)<\/span><\/li>\n<li><span>Marketing d&#039;alimentation et march\u00e9s<\/span><span><\/span><\/li>\n<li><span>Le marketing d&#039;affiliation<\/span><\/li>\n<\/ul>\n<\/li>\n<li><span>Maintenance et support, de l&#039;h\u00e9bergement \u00e0 l&#039;enregistrement de domaine<\/span><\/li>\n<li><span>Gestion de projet, personnalisation et conseil<\/span><\/li>\n<\/ul>\n<ul><\/ul>\n<p><span>Nieuwsgierig? Neem contact op via <\/span><a href=\"mailto:info@web360.nl\"><span><u>info@web360.nl<\/u><\/span><\/a> Ou appelez-nous <a href=\"tel:003185470717\"><u>+31 (0)85 047 07 17<\/u><\/a><span>. \u00c0 bient\u00f4t! \u270c\ud83c\udffc<\/span><\/p>\n<p>[\/et_pb_text][\/et_pb_column][\/et_pb_row][\/et_pb_section][et_pb_section fb_built=&#8221;1&#8243; custom_padding_last_edited=&#8221;on|desktop&#8221; next_background_color=&#8221;#ffffff&#8221; admin_label=&#8221;Header&#8221; _builder_version=&#8221;4.4.7&#8243; background_color_gradient_direction=&#8221;130deg&#8221; background_image=&#8221;https:\/\/web360.nl\/wp-content\/uploads\/2020\/03\/web360-blog-cover-footer-knallen-online-neem-contact-op.io_.jpeg&#8221; parallax=&#8221;on&#8221; custom_padding=&#8221;0vw||11vw||false|false&#8221; custom_padding_tablet=&#8221;100px||100px||true&#8221; custom_padding_phone=&#8221;||||true&#8221; bottom_divider_style=&#8221;ramp2&#8243; bottom_divider_height=&#8221;250px&#8221; bottom_divider_flip=&#8221;horizontal&#8221; bottom_divider_height_tablet=&#8221;150px&#8221; bottom_divider_height_phone=&#8221;110px&#8221; bottom_divider_height_last_edited=&#8221;on|phone&#8221; saved_tabs=&#8221;all&#8221; locked=&#8221;off&#8221;][et_pb_row module_class=&#8221; et_pb_row_fullwidth&#8221; _builder_version=&#8221;3.25&#8243; width=&#8221;89%&#8221; width_tablet=&#8221;80%&#8221; width_phone=&#8221;&#8221; width_last_edited=&#8221;on|desktop&#8221; max_width=&#8221;89%&#8221; max_width_tablet=&#8221;80%&#8221; max_width_phone=&#8221;&#8221; max_width_last_edited=&#8221;on|desktop&#8221; custom_margin_phone=&#8221;|||&#8221; custom_margin_last_edited=&#8221;off|desktop&#8221; custom_padding=&#8221;|||&#8221; make_fullwidth=&#8221;on&#8221;][et_pb_column type=&#8221;4_4&#8243; _builder_version=&#8221;3.25&#8243; custom_padding=&#8221;|||&#8221; custom_padding__hover=&#8221;|||&#8221;][et_pb_text _builder_version=&#8221;3.27.4&#8243; text_font=&#8221;||||||||&#8221; header_font=&#8221;||||||||&#8221; header_2_font=&#8221;Roboto|700|||||||&#8221; header_2_font_size=&#8221;50px&#8221; header_2_line_height=&#8221;1.4em&#8221; header_3_font=&#8221;Roboto|700||on|||||&#8221; header_3_text_align=&#8221;center&#8221; header_3_text_color=&#8221;#ffffff&#8221; header_3_font_size=&#8221;24px&#8221; header_3_letter_spacing=&#8221;5px&#8221; header_3_line_height=&#8221;2em&#8221; text_orientation=&#8221;center&#8221; background_layout=&#8221;dark&#8221; max_width=&#8221;850px&#8221; module_alignment=&#8221;center&#8221; custom_margin=&#8221;|||&#8221; custom_padding=&#8221;|||&#8221; text_font_size_last_edited=&#8221;off|desktop&#8221; header_2_font_size_tablet=&#8221;40px&#8221; header_2_font_size_phone=&#8221;32px&#8221; header_2_font_size_last_edited=&#8221;on|desktop&#8221; header_3_font_size_tablet=&#8221;16px&#8221; header_3_font_size_phone=&#8221;14px&#8221; header_3_font_size_last_edited=&#8221;on|phone&#8221;]<\/p>\n<h3>Commen\u00e7ons<\/h3>\n<h2>Pr\u00eat \u00e0 vraiment jouer en ligne?<\/h2>\n<h2>Commen\u00e7ons ensemble!<\/h2>\n<p>[\/et_pb_text][et_pb_button button_url=&#8221;https:\/\/web360.nl\/contact\/&#8221; button_text=&#8221;Neem contact op&#8221; button_alignment=&#8221;center&#8221; _builder_version=&#8221;4.4.2&#8243; custom_button=&#8221;on&#8221; button_text_size=&#8221;14px&#8221; button_text_color=&#8221;#ffffff&#8221; button_bg_color=&#8221;#2fb988&#8243; button_bg_color_gradient_start=&#8221;#9ed8ff&#8221; button_bg_color_gradient_end=&#8221;#aaffdb&#8221; button_bg_color_gradient_direction=&#8221;90deg&#8221; button_border_width=&#8221;0px&#8221; button_border_color=&#8221;rgba(0,0,0,0)&#8221; button_border_radius=&#8221;4px&#8221; button_letter_spacing=&#8221;5px&#8221; button_font=&#8221;Roboto|700||on|||||&#8221; background_layout=&#8221;dark&#8221; custom_margin=&#8221;|||&#8221; custom_padding=&#8221;18px|34px|18px|34px|true|true&#8221; box_shadow_style=&#8221;preset3&#8243; box_shadow_vertical=&#8221;20px&#8221; box_shadow_blur=&#8221;30px&#8221; box_shadow_spread=&#8221;-10px&#8221; box_shadow_color=&#8221;rgba(50,11,142,0.4)&#8221; button_letter_spacing_hover=&#8221;5.5px&#8221; button_text_size__hover_enabled=&#8221;off&#8221; button_one_text_size__hover_enabled=&#8221;off&#8221; button_two_text_size__hover_enabled=&#8221;off&#8221; button_text_color__hover_enabled=&#8221;off&#8221; button_one_text_color__hover_enabled=&#8221;off&#8221; button_two_text_color__hover_enabled=&#8221;off&#8221; button_border_width__hover_enabled=&#8221;off&#8221; button_one_border_width__hover_enabled=&#8221;off&#8221; button_two_border_width__hover_enabled=&#8221;off&#8221; button_border_color__hover_enabled=&#8221;off&#8221; button_one_border_color__hover_enabled=&#8221;off&#8221; button_two_border_color__hover_enabled=&#8221;off&#8221; button_border_radius__hover_enabled=&#8221;off&#8221; button_one_border_radius__hover_enabled=&#8221;off&#8221; button_two_border_radius__hover_enabled=&#8221;off&#8221; button_letter_spacing__hover_enabled=&#8221;on&#8221; button_letter_spacing__hover=&#8221;5.5px&#8221; button_one_letter_spacing__hover_enabled=&#8221;off&#8221; button_two_letter_spacing__hover_enabled=&#8221;off&#8221; button_bg_color__hover_enabled=&#8221;off&#8221; button_one_bg_color__hover_enabled=&#8221;off&#8221; button_two_bg_color__hover_enabled=&#8221;off&#8221;][\/et_pb_button][\/et_pb_column][\/et_pb_row][\/et_pb_section]<\/p>","protected":false},"excerpt":{"rendered":"<p>Website specialist in Rotterdam voor Wordpress, WooCommerce &amp; ShopifyWij zijn WEB360 \u2013 h\u00e9t aanspreekpunt voor jouw website, online shop &amp; marketing! WEB360 heeft ruim 15 jaar ervaring in de realisatie van websites, succesvolle webshops en zeer goed bezochte blogs.\u00a0 Heb jij een idee? Een droom? Wij denken in mogelijkheden en samen met jou vertalen wij [&hellip;]<\/p>","protected":false},"author":1,"featured_media":0,"parent":0,"menu_order":0,"comment_status":"closed","ping_status":"closed","template":"","meta":{"_et_pb_use_builder":"on","_et_pb_old_content":"","_et_gb_content_width":""},"_links":{"self":[{"href":"https:\/\/web360.nl\/fr\/wp-json\/wp\/v2\/pages\/205496"}],"collection":[{"href":"https:\/\/web360.nl\/fr\/wp-json\/wp\/v2\/pages"}],"about":[{"href":"https:\/\/web360.nl\/fr\/wp-json\/wp\/v2\/types\/page"}],"author":[{"embeddable":true,"href":"https:\/\/web360.nl\/fr\/wp-json\/wp\/v2\/users\/1"}],"replies":[{"embeddable":true,"href":"https:\/\/web360.nl\/fr\/wp-json\/wp\/v2\/comments?post=205496"}],"version-history":[{"count":14,"href":"https:\/\/web360.nl\/fr\/wp-json\/wp\/v2\/pages\/205496\/revisions"}],"predecessor-version":[{"id":206248,"href":"https:\/\/web360.nl\/fr\/wp-json\/wp\/v2\/pages\/205496\/revisions\/206248"}],"wp:attachment":[{"href":"https:\/\/web360.nl\/fr\/wp-json\/wp\/v2\/media?parent=205496"}],"curies":[{"name":"wp","href":"https:\/\/api.w.org\/{rel}","templated":true}]}}